{"id":2123,"date":"2013-12-23T10:23:34","date_gmt":"2013-12-23T10:23:34","guid":{"rendered":"http:\/\/www.sigatemporada.com\/?page_id=2123"},"modified":"2015-06-24T15:32:36","modified_gmt":"2015-06-24T15:32:36","slug":"sobre-nosotros","status":"publish","type":"page","link":"https:\/\/www.sigatemporada.com\/?page_id=2123&lang=es","title":{"rendered":"Sobre Nosotros"},"content":{"rendered":"<p><h2>\u00bfc\u00f3mo<span style=\"font-size: 12.0pt; font-family: 'Arial','sans-serif'; color: black;\">\u00a0<\/span><a href=\"http:\/\/www.sigatemporada.com\/\" target=\"_blank\"><span style=\"font-size: 12.0pt; font-family: 'Arial','sans-serif';\">WWW.SIGATEMPORADA.COM<\/span><\/a><span style=\"font-size: 12.0pt; font-family: 'Arial','sans-serif'; color: black;\">\u00a0<\/span><\/h2>\u00a0Mi nombre es Fabio Cabral Caixeta y mi pareja es Luis Carlos Peluchera. Comenzamos a realizar un sue\u00f1o el 11 de marzo de 1995, y, en 1998, se realiz\u00f3 este sue\u00f1o de tener nuestra primera empresa, lo que ser\u00eda el comienzo de una pareja brillante en los negocios. Elegimos la ciudad de Brasilia, capital de Brasil &#8211; donde viv\u00edamos y ten\u00edamos nuestro trabajo, y grandes amigos &#8211; para ser la base de nuestro negocio. En 2008 tuvimos la oportunidad de vivir y trabajar en los EE.UU.. Nosotros no pensamos dos veces, nos fuimos all\u00ed y, con mucho trabajo, hemos logrado nuestros objetivos en un periodo de 5 a\u00f1os. Sabemos varios lugares como San Francisco, Las Vegas, Los \u00c1ngeles, Nueva York, Par\u00eds, Portugal, Puerto Vallarta, entre otros. Regresamos en 2013 y decidimos hacer un experimento con dos apartamentos, alquilada antes por contrato convencional, convirti\u00e9ndolos en alquiler de temporada. Para ello, hicimos una renovaci\u00f3n, amueblado y decorar los edificios, haci\u00e9ndolos m\u00e1s acogedores y serviciales. La experiencia de alquiler para la temporada fue un \u00e9xito y, cada d\u00eda, estaba teniendo una demanda incre\u00edble. Luego vimos la oportunidad de reanudar las actividades de negocios adquiridos en el a\u00f1o 2008. Con la certeza del \u00e9xito ligado a la experiencia, gracias tanto a invertir un poco m\u00e1s en el contrato de arrendamiento despu\u00e9s de una temporada a expensas de arrendamiento convencional. Con esta experiencia en dos apartamentos, decidimos dirigir todas nuestras propiedades al mismo segmento: VACACIONES. Con nuestra dedicaci\u00f3n, vimos la oportunidad, adem\u00e1s de trabajar con sus propias propiedades, tambi\u00e9n administrar bienes ra\u00edces de nuestros amigos, familiares y conocidos, el aumento de la gama de opciones para nuestros futuros clientes. Hoy en d\u00eda, con el trabajo y profesionalidad, hemos elegido este a\u00f1o como el momento adecuado para invertir en un sitio web propio, con todas las comodidades y seguridad para nuestros futuros clientes. As\u00ed, creamos el <a href=\"http:\/\/www.sigatemporada.com\">www.sigatemporada.com<\/a>\u00a0para ofrecer visualizaci\u00f3n de las propiedades que gestionamos y en todo el Brasil, los EE.UU. y luego en Europa. Hoy tenemos muchas propiedades en ciudades: Brasilia, R\u00edo de Janeiro, Cabo Frio, Buzios, Piren\u00f3polis, Salvador, Natal, Morro de S\u00e3o Paulo, Arraial D&#8217;Ayuda, Reef, Miami-Sur Beach, Chicago, etc.<\/p>\n","protected":false},"excerpt":{"rendered":"<p>\u00a0Mi nombre es Fabio Cabral Caixeta y mi pareja es Luis Carlos Peluchera. Comenzamos a realizar un sue\u00f1o el 11 de marzo de 1995, y, en 1998, se realiz\u00f3 este sue\u00f1o de tener nuestra primera empresa, lo que ser\u00eda el comienzo de una pareja brillante en los negocios. Elegimos la ciudad de Brasilia, capital de Brasil &#8211; donde viv\u00edamos y ten\u00edamos nuestro trabajo, y grandes amigos &#8211; para ser la base de nuestro negocio. En 2008 tuvimos la oportunidad de vivir y trabajar en los EE.UU.. Nosotros no pensamos dos veces, nos fuimos all\u00ed y, con mucho trabajo, hemos logrado nuestros objetivos en un periodo de 5 a\u00f1os. Sabemos varios lugares como San Francisco, Las Vegas, Los \u00c1ngeles, Nueva York, Par\u00eds, Portugal, Puerto Vallarta, entre otros. Regresamos en 2013 y decidimos hacer un experimento con dos apartamentos, alquilada antes por contrato convencional, convirti\u00e9ndolos en alquiler de temporada. Para ello, hicimos una renovaci\u00f3n, amueblado y decorar los edificios, haci\u00e9ndolos m\u00e1s acogedores y serviciales. La experiencia de alquiler para la temporada fue un \u00e9xito y, cada d\u00eda, estaba teniendo una demanda incre\u00edble. Luego vimos la oportunidad de reanudar las actividades de negocios adquiridos en el a\u00f1o 2008. Con la certeza del \u00e9xito [&hellip;]<\/p>\n","protected":false},"author":1,"featured_media":0,"parent":0,"menu_order":0,"comment_status":"open","ping_status":"open","template":"page-fullwidth.php","meta":{"_mi_skip_tracking":false},"categories":[],"tags":[],"_links":{"self":[{"href":"https:\/\/www.sigatemporada.com\/index.php?rest_route=\/wp\/v2\/pages\/2123"}],"collection":[{"href":"https:\/\/www.sigatemporada.com\/index.php?rest_route=\/wp\/v2\/pages"}],"about":[{"href":"https:\/\/www.sigatemporada.com\/index.php?rest_route=\/wp\/v2\/types\/page"}],"author":[{"embeddable":true,"href":"https:\/\/www.sigatemporada.com\/index.php?rest_route=\/wp\/v2\/users\/1"}],"replies":[{"embeddable":true,"href":"https:\/\/www.sigatemporada.com\/index.php?rest_route=%2Fwp%2Fv2%2Fcomments&post=2123"}],"version-history":[{"count":1,"href":"https:\/\/www.sigatemporada.com\/index.php?rest_route=\/wp\/v2\/pages\/2123\/revisions"}],"predecessor-version":[{"id":2125,"href":"https:\/\/www.sigatemporada.com\/index.php?rest_route=\/wp\/v2\/pages\/2123\/revisions\/2125"}],"wp:attachment":[{"href":"https:\/\/www.sigatemporada.com\/index.php?rest_route=%2Fwp%2Fv2%2Fmedia&parent=2123"}],"wp:term":[{"taxonomy":"category","embeddable":true,"href":"https:\/\/www.sigatemporada.com\/index.php?rest_route=%2Fwp%2Fv2%2Fcategories&post=2123"},{"taxonomy":"post_tag","embeddable":true,"href":"https:\/\/www.sigatemporada.com\/index.php?rest_route=%2Fwp%2Fv2%2Ftags&post=2123"}],"curies":[{"name":"wp","href":"https:\/\/api.w.org\/{rel}","templated":true}]}}