{"id":288,"date":"2013-12-23T10:23:34","date_gmt":"2013-12-23T10:23:34","guid":{"rendered":"http:\/\/localhost\/wpnation\/?page_id=288"},"modified":"2020-07-06T13:37:52","modified_gmt":"2020-07-06T13:37:52","slug":"sobre-nos","status":"publish","type":"page","link":"https:\/\/www.sigatemporada.com\/?page_id=288","title":{"rendered":"Sobre n\u00f3s"},"content":{"rendered":"<h2><span style=\"font-size: 12.0pt; font-family: 'Arial','sans-serif'; color: black;\">COMO SURGIU <\/span><a href=\"http:\/\/www.sigatemporada.com\/\" target=\"_blank\" rel=\"noopener noreferrer\"><span style=\"font-size: 12.0pt; font-family: 'Arial','sans-serif';\">WWW.SIGATEMPORADA.COM<\/span><\/a><span style=\"font-size: 12.0pt; font-family: 'Arial','sans-serif'; color: black;\">\u00a0<\/span><\/h2>\n<p>Meu nome \u00e9 Fabio Caixeta Cabral e o do meu s\u00f3cio \u00e9 Luis Carlos Peluchera. Come\u00e7amos a realizar um sonho em 11 de mar\u00e7o de 1995 e, no ano de 1998, realizamos este sonho de ter nossa primeira empresa, que seria o come\u00e7o de uma brilhante parceira no mundo dos neg\u00f3cios. Escolhemos a cidade de Bras\u00edlia, capital do Brasil &#8211; onde mor\u00e1vamos e t\u00ednhamos nosso trabalho, al\u00e9m de grandes amigos &#8211; para ser a base dos nossos neg\u00f3cios.<br \/>\nEm 2008 tivemos uma oportunidade para morar e trabalhar nos EUA. N\u00e3o pensamos duas vezes, fomos para l\u00e1 e, com muito trabalho, conseguimos alcan\u00e7ar nossos objetivos num per\u00edodo de 5 anos. Conhecemos v\u00e1rios lugares como San Francisco, Las Vegas, Los Angeles, New York, Paris, Portugal, Puerto Vallarta, entre outros.<br \/>\nRetornamos em 2013 e decidimos fazer uma experi\u00eancia com dois apartamentos, antes alugados por contrato convencional, transformando-os em aluguel de temporada.<br \/>\nPara isso, fizemos uma reforma, mobiliamos e decoramos os im\u00f3veis, deixando-os mais aconchegantes e confort\u00e1veis.<br \/>\nA experi\u00eancia de alugar por temporada foi um sucesso e, a cada dia, foi tendo uma procura inacredit\u00e1vel. Da\u00ed vimos a oportunidade de retomar as atividades da empresa adquirida em 2008.<\/p>\n<p>Com a certeza do sucesso atrelada \u00e0 pr\u00f3pria experi\u00eancia, valeu muito investir um pouco mais no seguimento de loca\u00e7\u00e3o por temporada em detrimento da loca\u00e7\u00e3o convencional.<br \/>\nCom essa experi\u00eancia nos dois apartamentos, resolvemos direcionar todos os nossos im\u00f3veis para o mesmo segmento: <strong>ALUGUEL DE TEMPORADA<\/strong>.<br \/>\nCom nossa dedica\u00e7\u00e3o, vimos a oportunidade de, al\u00e9m de trabalhar com os im\u00f3veis pr\u00f3prios, tamb\u00e9m administrar im\u00f3veis de nossos amigos, parentes e conhecidos, aumentando o leque de op\u00e7\u00f5es para nossos futuros h\u00f3spedes.<br \/>\nHoje, com trabalho e profissionalismo, escolhemos este ano como o momento certo de apostar num website pr\u00f3prio, com todas as facilidades e a seguran\u00e7a para nossos futuros h\u00f3spedes.<br \/>\nEnt\u00e3o, criamos o <a href=\"http:\/\/www.sigatemporada.com\">www.sigatemporada.com<\/a>\u00a0para poder oferecer a visualiza\u00e7\u00e3o dos im\u00f3veis que temos e administramos em todo Brasil, nos EUA e, em breve, na Europa, Argentina e Cancun-M\u00e9xico.<br \/>\nHoje estamos com in\u00fameros im\u00f3veis nas cidades: Bras\u00edlia, Rio de Janeiro, Cabo Frio, B\u00fazios, Piren\u00f3polis, Salvador, Natal, Morro de S\u00e3o Paulo, Arraial D\u2019Ajuda, Recife, Fortaleza, Porto de Galinhas, Alto Para\u00edso, Porto Alegre, Gramado, Canela, Bento Gon\u00e7alves, Caxias do Sul, Miami \u2013South Beach, etc.<\/p>\n","protected":false},"excerpt":{"rendered":"<p>Meu nome \u00e9 Fabio Caixeta Cabral e o do meu s\u00f3cio \u00e9 Luis Carlos Peluchera. Come\u00e7amos a realizar um sonho em 11 de mar\u00e7o de 1995 e, no ano de 1998, realizamos este sonho de ter nossa primeira empresa, que seria o come\u00e7o de uma brilhante parceira no mundo dos neg\u00f3cios. Escolhemos a cidade de Bras\u00edlia, capital do Brasil &#8211; onde mor\u00e1vamos e t\u00ednhamos nosso trabalho, al\u00e9m de grandes amigos &#8211; para ser a base dos nossos neg\u00f3cios. Em 2008 tivemos uma oportunidade para morar e trabalhar nos EUA. N\u00e3o pensamos duas vezes, fomos para l\u00e1 e, com muito trabalho, conseguimos alcan\u00e7ar nossos objetivos num per\u00edodo de 5 anos. Conhecemos v\u00e1rios lugares como San Francisco, Las Vegas, Los Angeles, New York, Paris, Portugal, Puerto Vallarta, entre outros. Retornamos em 2013 e decidimos fazer uma experi\u00eancia com dois apartamentos, antes alugados por contrato convencional, transformando-os em aluguel de temporada. Para isso, fizemos uma reforma, mobiliamos e decoramos os im\u00f3veis, deixando-os mais aconchegantes e confort\u00e1veis. A experi\u00eancia de alugar por temporada foi um sucesso e, a cada dia, foi tendo uma procura inacredit\u00e1vel. Da\u00ed vimos a oportunidade de retomar as atividades da empresa adquirida em 2008. Com a certeza do sucesso atrelada [&hellip;]<\/p>\n","protected":false},"author":1,"featured_media":0,"parent":0,"menu_order":0,"comment_status":"open","ping_status":"open","template":"page-fullwidth.php","meta":{"_mi_skip_tracking":false},"categories":[],"tags":[],"_links":{"self":[{"href":"https:\/\/www.sigatemporada.com\/index.php?rest_route=\/wp\/v2\/pages\/288"}],"collection":[{"href":"https:\/\/www.sigatemporada.com\/index.php?rest_route=\/wp\/v2\/pages"}],"about":[{"href":"https:\/\/www.sigatemporada.com\/index.php?rest_route=\/wp\/v2\/types\/page"}],"author":[{"embeddable":true,"href":"https:\/\/www.sigatemporada.com\/index.php?rest_route=\/wp\/v2\/users\/1"}],"replies":[{"embeddable":true,"href":"https:\/\/www.sigatemporada.com\/index.php?rest_route=%2Fwp%2Fv2%2Fcomments&post=288"}],"version-history":[{"count":15,"href":"https:\/\/www.sigatemporada.com\/index.php?rest_route=\/wp\/v2\/pages\/288\/revisions"}],"predecessor-version":[{"id":8109,"href":"https:\/\/www.sigatemporada.com\/index.php?rest_route=\/wp\/v2\/pages\/288\/revisions\/8109"}],"wp:attachment":[{"href":"https:\/\/www.sigatemporada.com\/index.php?rest_route=%2Fwp%2Fv2%2Fmedia&parent=288"}],"wp:term":[{"taxonomy":"category","embeddable":true,"href":"https:\/\/www.sigatemporada.com\/index.php?rest_route=%2Fwp%2Fv2%2Fcategories&post=288"},{"taxonomy":"post_tag","embeddable":true,"href":"https:\/\/www.sigatemporada.com\/index.php?rest_route=%2Fwp%2Fv2%2Ftags&post=288"}],"curies":[{"name":"wp","href":"https:\/\/api.w.org\/{rel}","templated":true}]}}